{"id":4818,"date":"2022-02-15T10:14:44","date_gmt":"2022-02-15T09:14:44","guid":{"rendered":"http:\/\/perzow.com.pl\/?page_id=4818"},"modified":"2024-03-05T10:20:51","modified_gmt":"2024-03-05T09:20:51","slug":"dzialania-informacyjne-dotyczace-umowy-o-doplate-z-2023","status":"publish","type":"page","link":"http:\/\/perzow.com.pl\/index.php\/dzialania-informacyjne-dotyczace-umowy-o-doplate-z-2023\/","title":{"rendered":"Dzia\u0142ania informacyjne dotycz\u0105ce umowy o dop\u0142at\u0119 z 2023"},"content":{"rendered":"<p><a href=\"http:\/\/perzow.com.pl\/informacja-2023_page-0001\/\"><img loading=\"lazy\" class=\"size-large wp-image-4825 aligncenter\" src=\"http:\/\/perzow.com.pl\/wp-content\/uploads\/2024\/03\/informacja-2023_page-0001-724x1024.jpg\" alt=\"\" width=\"724\" height=\"1024\" srcset=\"http:\/\/perzow.com.pl\/wp-content\/uploads\/2024\/03\/informacja-2023_page-0001-724x1024.jpg 724w, http:\/\/perzow.com.pl\/wp-content\/uploads\/2024\/03\/informacja-2023_page-0001-212x300.jpg 212w, http:\/\/perzow.com.pl\/wp-content\/uploads\/2024\/03\/informacja-2023_page-0001-768x1086.jpg 768w, http:\/\/perzow.com.pl\/wp-content\/uploads\/2024\/03\/informacja-2023_page-0001-1086x1536.jpg 1086w, http:\/\/perzow.com.pl\/wp-content\/uploads\/2024\/03\/informacja-2023_page-0001-1170x1655.jpg 1170w, http:\/\/perzow.com.pl\/wp-content\/uploads\/2024\/03\/informacja-2023_page-0001.jpg 1241w\" sizes=\"(max-width: 724px) 100vw, 724px\" \/><\/a><\/p>\n","protected":false},"excerpt":{"rendered":"","protected":false},"author":2,"featured_media":0,"parent":0,"menu_order":0,"comment_status":"closed","ping_status":"closed","template":"","meta":{"ngg_post_thumbnail":0},"_links":{"self":[{"href":"http:\/\/perzow.com.pl\/index.php\/wp-json\/wp\/v2\/pages\/4818"}],"collection":[{"href":"http:\/\/perzow.com.pl\/index.php\/wp-json\/wp\/v2\/pages"}],"about":[{"href":"http:\/\/perzow.com.pl\/index.php\/wp-json\/wp\/v2\/types\/page"}],"author":[{"embeddable":true,"href":"http:\/\/perzow.com.pl\/index.php\/wp-json\/wp\/v2\/users\/2"}],"replies":[{"embeddable":true,"href":"http:\/\/perzow.com.pl\/index.php\/wp-json\/wp\/v2\/comments?post=4818"}],"version-history":[{"count":2,"href":"http:\/\/perzow.com.pl\/index.php\/wp-json\/wp\/v2\/pages\/4818\/revisions"}],"predecessor-version":[{"id":4826,"href":"http:\/\/perzow.com.pl\/index.php\/wp-json\/wp\/v2\/pages\/4818\/revisions\/4826"}],"wp:attachment":[{"href":"http:\/\/perzow.com.pl\/index.php\/wp-json\/wp\/v2\/media?parent=4818"}],"curies":[{"name":"wp","href":"https:\/\/api.w.org\/{rel}","templated":true}]}}