{"id":215,"date":"2020-10-01T10:33:31","date_gmt":"2020-10-01T08:33:31","guid":{"rendered":"http:\/\/perzow.com.pl\/?page_id=215"},"modified":"2024-01-25T10:48:55","modified_gmt":"2024-01-25T09:48:55","slug":"solectwa-2","status":"publish","type":"page","link":"http:\/\/perzow.com.pl\/index.php\/solectwa-2\/","title":{"rendered":"So\u0142ectwa"},"content":{"rendered":"<p style=\"text-align: center;\">Gmina Perz\u00f3w po\u0142o\u017cona jest w zachodniej cz\u0119\u015bci powiatu k\u0119pi\u0144skiego. Graniczy od zachodu z gminami Syc\u00f3w i Dziadowa K\u0142oda, od po\u0142udnia z gmin\u0105 Namys\u0142\u00f3w,<br \/>\nod wschodu z gminami Rychtal i Bralin, od p\u00f3\u0142nocy z gmin\u0105 Kobyla G\u00f3ra. Obszary gminy nale\u017c\u0105 do zachodniej cz\u0119\u015bci R\u00f3wniny Ole\u015bnickiej, nale\u017c\u0105cej<br \/>\ndo Niziny \u015al\u0105skiej. W p\u00f3\u0142nocnej cz\u0119\u015bci rozci\u0105gaj\u0105 si\u0119 Wzg\u00f3rza Ostrzeszowskie. Wzniesienia okolic Tr\u0119baczowa i S\u0142upi dzielone s\u0105 szerokim obni\u017ceniem, przez<br \/>\nkt\u00f3re p\u0142ynie Czarna Widawa. Nasza gmina mo\u017ce si\u0119 pochwali\u0107 bogat\u0105 histori\u0105. Mimo \u017ce na prze\u0142omie wiek\u00f3w nasze ziemie by\u0142y w\u0142\u0105czane do r\u00f3\u017cnych organizm\u00f3w pa\u0144stwowych to na pewno mo\u017cna nazwa\u0107 nas ludno\u015bci\u0105 pogranicza, kt\u00f3ra bez wzgl\u0119du na narodowo\u015b\u0107, czy wyznanie \u2013 potrafi\u0142a jednoczy\u0107 si\u0119 i wsp\u00f3\u0142egzystowa\u0107.<\/p>\n<h2>Wykaz so\u0142tys\u00f3w<\/h2>\n<p>Pani Danuta Gosek &nbsp; &nbsp;&nbsp; &nbsp;&nbsp;&nbsp; &nbsp; &#8211; So\u0142tys So\u0142ectwa Zbyczyna&nbsp;&nbsp;&nbsp;&nbsp;&nbsp;&nbsp;&nbsp;&nbsp;&nbsp;&nbsp;&nbsp;&nbsp;&nbsp;&nbsp;&nbsp;&nbsp;<br \/>\nPani Joanna Krowiarz &nbsp;&nbsp; &nbsp;&nbsp;&nbsp; &#8211; So\u0142tys So\u0142ectwa S\u0142upia p\/ Bralinem&nbsp;<br \/>\nPani Anna Ma\u0144czak &nbsp;&nbsp;&nbsp;&nbsp;&nbsp;&nbsp;&nbsp;&nbsp;&nbsp; &#8211; So\u0142tys So\u0142ectwa Perz\u00f3w&nbsp;&nbsp;&nbsp;&nbsp;&nbsp;&nbsp;&nbsp;&nbsp;&nbsp;&nbsp;&nbsp;&nbsp;&nbsp;&nbsp;&nbsp;&nbsp;&nbsp;<br \/>\nPani Cyryla Pietrus&nbsp;&nbsp;&nbsp;&nbsp;&nbsp;&nbsp;&nbsp;&nbsp;&nbsp;&nbsp;&nbsp;&nbsp;&#8211; So\u0142tys So\u0142ectwa Tr\u0119bacz\u00f3w&nbsp;&nbsp;&nbsp;&nbsp;&nbsp;&nbsp;&nbsp;&nbsp;&nbsp;&nbsp;&nbsp;&nbsp;&nbsp;<br \/>\nPan Przemys\u0142aw \u0141ytka&nbsp;&nbsp;&nbsp;&nbsp;&nbsp;&nbsp;&#8211; So\u0142tys So\u0142ectwa Koza Wielka&nbsp;&nbsp;&nbsp;&nbsp;&nbsp;&nbsp;&nbsp;&nbsp;&nbsp;&nbsp;&nbsp;&nbsp;&nbsp;<br \/>\nPan Grzegorz Kulak &nbsp;&nbsp;&nbsp;&nbsp; &nbsp; &nbsp; &#8211; So\u0142tys&nbsp;&nbsp;So\u0142ectwa Turkowy&nbsp;&nbsp;&nbsp;&nbsp;&nbsp;&nbsp;&nbsp;&nbsp;&nbsp;&nbsp;&nbsp;&nbsp;&nbsp;&nbsp;&nbsp;&nbsp;&nbsp;<br \/>\nPani Jakub Bilicki &nbsp; &nbsp;&nbsp;&nbsp;&nbsp;&nbsp;&nbsp;&nbsp;&nbsp;&nbsp;&nbsp; &#8211; So\u0142tys So\u0142ectwa Domas\u0142\u00f3w&nbsp;&nbsp;&nbsp;&nbsp;&nbsp;&nbsp;&nbsp;&nbsp;&nbsp;&nbsp;&nbsp;&nbsp;&nbsp;&nbsp;&nbsp;<br \/>\nPan Bogdan Wieczorek&nbsp;&nbsp;&nbsp;&nbsp;&nbsp;&#8211; So\u0142tys So\u0142ectwa Miech\u00f3w&nbsp;&nbsp;&nbsp;&nbsp;&nbsp;&nbsp;&nbsp;&nbsp;&nbsp;&nbsp;&nbsp;&nbsp;&nbsp;&nbsp;&nbsp;<br \/>\nPan Ireneusz Po\u015blod&nbsp;&nbsp;&nbsp;&nbsp;&nbsp;&nbsp;&nbsp;&nbsp;&nbsp;&#8211; So\u0142tys So\u0142ectwa Brzezie&nbsp;<\/p>\n","protected":false},"excerpt":{"rendered":"<p>Gmina Perz\u00f3w po\u0142o\u017cona jest w zachodniej cz\u0119\u015bci powiatu k\u0119pi\u0144skiego. Graniczy od zachodu z gminami Syc\u00f3w i Dziadowa K\u0142oda, od po\u0142udnia z gmin\u0105 Namys\u0142\u00f3w, od wschodu z gminami Rychtal i Bralin, od p\u00f3\u0142nocy z gmin\u0105 Kobyla G\u00f3ra. Obszary gminy nale\u017c\u0105 do&hellip; <br \/><a class=\"read-more-button\" href=\"http:\/\/perzow.com.pl\/index.php\/solectwa-2\/\">Read more<\/a><\/p>\n","protected":false},"author":1,"featured_media":0,"parent":0,"menu_order":0,"comment_status":"closed","ping_status":"closed","template":"","meta":{"ngg_post_thumbnail":0},"_links":{"self":[{"href":"http:\/\/perzow.com.pl\/index.php\/wp-json\/wp\/v2\/pages\/215"}],"collection":[{"href":"http:\/\/perzow.com.pl\/index.php\/wp-json\/wp\/v2\/pages"}],"about":[{"href":"http:\/\/perzow.com.pl\/index.php\/wp-json\/wp\/v2\/types\/page"}],"author":[{"embeddable":true,"href":"http:\/\/perzow.com.pl\/index.php\/wp-json\/wp\/v2\/users\/1"}],"replies":[{"embeddable":true,"href":"http:\/\/perzow.com.pl\/index.php\/wp-json\/wp\/v2\/comments?post=215"}],"version-history":[{"count":9,"href":"http:\/\/perzow.com.pl\/index.php\/wp-json\/wp\/v2\/pages\/215\/revisions"}],"predecessor-version":[{"id":4669,"href":"http:\/\/perzow.com.pl\/index.php\/wp-json\/wp\/v2\/pages\/215\/revisions\/4669"}],"wp:attachment":[{"href":"http:\/\/perzow.com.pl\/index.php\/wp-json\/wp\/v2\/media?parent=215"}],"curies":[{"name":"wp","href":"https:\/\/api.w.org\/{rel}","templated":true}]}}